{"id":589,"date":"2020-11-13T02:57:27","date_gmt":"2020-11-13T02:57:27","guid":{"rendered":"https:\/\/www.mingob.gob.pa\/bandarepublicana\/?page_id=589"},"modified":"2023-02-10T14:14:11","modified_gmt":"2023-02-10T14:14:11","slug":"actos-desde-1903","status":"publish","type":"page","link":"https:\/\/www.bandarepublicana.gob.pa\/?page_id=589","title":{"rendered":"Actos desde 1903"},"content":{"rendered":"<section class=\"av_textblock_section \"  itemscope=\"itemscope\" itemtype=\"https:\/\/schema.org\/CreativeWork\" ><div class='avia_textblock  '   itemprop=\"text\" ><p style=\"text-align: justify;\"><strong>Cuadro general hist\u00f3rico de los Actos en que la\u00a0 <\/strong><strong>Banda Republicana ha participado con regularidad\u00a0 <\/strong><strong>desde 1903.<\/strong><\/p>\n<ul style=\"text-align: justify;\">\n<li>Desfile y revistas militares del Cuerpo de Polic\u00eda Nacional (hasta 1937, cuando se fund\u00f3 la banda de m\u00fasica de la instituci\u00f3n.<\/li>\n<li>Desfiles y revistas del Cuerpo de Bomberos de Panam\u00e1 (hasta 1909)<\/li>\n<li>Actos Oficiales:<\/li>\n<li>Ceremonias de inauguraci\u00f3n presidencial.<\/li>\n<\/ul>\n<ol style=\"text-align: justify;\">\n<li style=\"list-style-type: none;\">\n<ol>\n<li>Credenciales de Diplom\u00e1ticos.<\/li>\n<li>Recibimientos y honores a Jefes de Estados que han visitado al Presidente de la Rep\u00fablica.<\/li>\n<li>Honores a los Emblemas Nacionales.<\/li>\n<li>Iniciaci\u00f3n de las sesiones de la Asamblea Nacional.<\/li>\n<li>Inauguraciones de monumentos, edificios, cuadros, colegios, barriadas, calles y avenidas.<\/li>\n<li>Fiestas Patrias (3 y 28 de noviembre).<\/li>\n<li>Congresos nacionales, internacionales y seminarios.<\/li>\n<li>Funerales de funcionarios de alta jerarqu\u00eda.<\/li>\n<li>Eventos deportivos organizados por el Ministerio de Educaci\u00f3n y la Universidad Nacional.<\/li>\n<li>Recepciones en el Palacio Presidencial y banquetes oficiales.<\/li>\n<\/ol>\n<\/li>\n<\/ol>\n<ul style=\"text-align: justify;\">\n<li>Actos C\u00edvicos.<\/li>\n<li>Desfiles:<\/li>\n<\/ul>\n<ol style=\"text-align: justify;\">\n<li style=\"list-style-type: none;\">\n<ol>\n<li>Fiestas Patrias<\/li>\n<li>C\u00edvicos (Cruz Roja, Tr\u00e1nsito, del Ahorro, del Libro, del Trabajo. Del Estudiante, de la O. P. A. T., otros).<\/li>\n<li>Deportivos.<\/li>\n<li>Peregrinaciones.<\/li>\n<\/ol>\n<\/li>\n<\/ol>\n<ul style=\"text-align: justify;\">\n<li>Actos Religiosos:<\/li>\n<\/ul>\n<ol style=\"text-align: justify;\">\n<li style=\"list-style-type: none;\">\n<ol>\n<li>Misas solemnes con la asistencia del Presidente de la Rep\u00fablica y las altas autoridades eclesi\u00e1sticas.<\/li>\n<li>Procesiones.<\/li>\n<\/ol>\n<\/li>\n<\/ol>\n<ul style=\"text-align: justify;\">\n<li>Conciertos:<\/li>\n<\/ul>\n<ol style=\"text-align: justify;\">\n<li style=\"list-style-type: none;\">\n<ol>\n<li>En parques y plazas p\u00fablicas.<\/li>\n<li>En barriadas adyacentes a la capital.<\/li>\n<li>Aniversarios de naciones extranjeras como un gesto de cortes\u00eda internacional.<\/li>\n<li>Colegios.<\/li>\n<li>Zona del Canal.<\/li>\n<\/ol>\n<\/li>\n<\/ol>\n<ul style=\"text-align: justify;\">\n<li>Graduaciones y veladas escolares.<\/li>\n<\/ul>\n<ul style=\"text-align: justify;\">\n<li>Retretas:<\/li>\n<\/ul>\n<ol style=\"text-align: justify;\">\n<li style=\"list-style-type: none;\">\n<ol>\n<li>Parque de Santa Ana.<\/li>\n<li>Parque de la Independencia.<\/li>\n<li>Parque de Lesseps.<\/li>\n<li>Plaza Herrera.<\/li>\n<li>Parque de Cervantes.<\/li>\n<li>Plaza Bol\u00edvar.<\/li>\n<li>Parque Mir\u00f3.<\/li>\n<li>Plaza Morelos.<\/li>\n<\/ol>\n<\/li>\n<\/ol>\n<ul style=\"text-align: justify;\">\n<li>Reinados, Ferias y actos de beneficencia.<\/li>\n<\/ul>\n<p style=\"text-align: justify;\"><strong><em>(Datos extra\u00eddos del Libro:\u00a0 La Banda Republicana \u2013 Or\u00edgenes y trayectoria\u00a0 <\/em><\/strong><strong><em>Autor: \u00a0Eduardo Charpentier Herrera.\u00a0 P\u00e1ginas 97, 98y 99).<\/em><\/strong><\/p>\n<\/div><\/section>\n","protected":false},"excerpt":{"rendered":"","protected":false},"author":1,"featured_media":0,"parent":0,"menu_order":0,"comment_status":"closed","ping_status":"closed","template":"","meta":{"footnotes":""},"class_list":["post-589","page","type-page","status-publish","hentry"],"_links":{"self":[{"href":"https:\/\/www.bandarepublicana.gob.pa\/index.php?rest_route=\/wp\/v2\/pages\/589","targetHints":{"allow":["GET"]}}],"collection":[{"href":"https:\/\/www.bandarepublicana.gob.pa\/index.php?rest_route=\/wp\/v2\/pages"}],"about":[{"href":"https:\/\/www.bandarepublicana.gob.pa\/index.php?rest_route=\/wp\/v2\/types\/page"}],"author":[{"embeddable":true,"href":"https:\/\/www.bandarepublicana.gob.pa\/index.php?rest_route=\/wp\/v2\/users\/1"}],"replies":[{"embeddable":true,"href":"https:\/\/www.bandarepublicana.gob.pa\/index.php?rest_route=%2Fwp%2Fv2%2Fcomments&post=589"}],"version-history":[{"count":5,"href":"https:\/\/www.bandarepublicana.gob.pa\/index.php?rest_route=\/wp\/v2\/pages\/589\/revisions"}],"predecessor-version":[{"id":1313,"href":"https:\/\/www.bandarepublicana.gob.pa\/index.php?rest_route=\/wp\/v2\/pages\/589\/revisions\/1313"}],"wp:attachment":[{"href":"https:\/\/www.bandarepublicana.gob.pa\/index.php?rest_route=%2Fwp%2Fv2%2Fmedia&parent=589"}],"curies":[{"name":"wp","href":"https:\/\/api.w.org\/{rel}","templated":true}]}}