{"id":515,"date":"2020-11-13T01:17:24","date_gmt":"2020-11-13T01:17:24","guid":{"rendered":"https:\/\/www.mingob.gob.pa\/bandarepublicana\/?page_id=515"},"modified":"2025-06-24T20:10:02","modified_gmt":"2025-06-24T20:10:02","slug":"mision-y-vision","status":"publish","type":"page","link":"https:\/\/www.bandarepublicana.gob.pa\/?page_id=515","title":{"rendered":"Misi\u00f3n y Visi\u00f3n"},"content":{"rendered":"<div class=\"flex_column av_one_half  flex_column_div av-zero-column-padding first  avia-builder-el-0  el_before_av_one_half  avia-builder-el-first  \" style='border-radius:0px; '><article  class=\"iconbox iconbox_left    avia-builder-el-1  avia-builder-el-no-sibling  \"  itemscope=\"itemscope\" itemtype=\"https:\/\/schema.org\/CreativeWork\" ><div class=\"iconbox_content\"><header class=\"entry-content-header\"><div class=\"iconbox_icon heading-color \" aria-hidden='true' data-av_icon='\ue829' data-av_iconfont='entypo-fontello'  ><\/div><h3 class='iconbox_content_title  '  itemprop=\"headline\"  >Visi\u00f3n<\/h3><\/header><div class='iconbox_content_container  '  itemprop=\"text\"  ><p>La visi\u00f3n de la Banda Republicana, es ser el pilar fundamental en el desarrollo musical de nuestro pa\u00eds y desempe\u00f1ar su papel como patrimonio hist\u00f3rico y musical, mostrando a nivel nacional e internacional su calidad ante presidentes, embajadores y dem\u00e1s autoridades de nuestra Rep\u00fablica.<\/p>\n<\/div><\/div><footer class=\"entry-footer\"><\/footer><\/article><\/div>\n<div class=\"flex_column av_one_half  flex_column_div av-zero-column-padding   avia-builder-el-2  el_after_av_one_half  el_before_av_one_full  \" style='border-radius:0px; '><article  class=\"iconbox iconbox_left    avia-builder-el-3  avia-builder-el-no-sibling  \"  itemscope=\"itemscope\" itemtype=\"https:\/\/schema.org\/CreativeWork\" ><div class=\"iconbox_content\"><header class=\"entry-content-header\"><div class=\"iconbox_icon heading-color \" aria-hidden='true' data-av_icon='\ue828' data-av_iconfont='entypo-fontello'  ><\/div><h3 class='iconbox_content_title  '  itemprop=\"headline\"  >Misi\u00f3n<\/h3><\/header><div class='iconbox_content_container  '  itemprop=\"text\"  ><p>Participar en los programas y actividades protocolares y oficiales del estado, llevando a cabo un programa permanente de actualizaci\u00f3n institucional y desarrollar conjuntamente con diversos estamentos gubernamentales y privados, programas culturales y conciertos did\u00e1cticos y de proyecci\u00f3n art\u00edstica en las escuelas del pa\u00eds y en las comunidades.<\/p>\n<\/div><\/div><footer class=\"entry-footer\"><\/footer><\/article><\/div>\n<div class=\"flex_column av_one_full  flex_column_div av-zero-column-padding first  avia-builder-el-4  el_after_av_one_half  avia-builder-el-last  column-top-margin\" style='border-radius:0px; '><div   class='hr hr-default   avia-builder-el-5  avia-builder-el-no-sibling '><span class='hr-inner ' ><span class='hr-inner-style'><\/span><\/span><\/div><\/div>\n","protected":false},"excerpt":{"rendered":"","protected":false},"author":1,"featured_media":0,"parent":0,"menu_order":0,"comment_status":"closed","ping_status":"closed","template":"","meta":{"footnotes":""},"class_list":["post-515","page","type-page","status-publish","hentry"],"_links":{"self":[{"href":"https:\/\/www.bandarepublicana.gob.pa\/index.php?rest_route=\/wp\/v2\/pages\/515","targetHints":{"allow":["GET"]}}],"collection":[{"href":"https:\/\/www.bandarepublicana.gob.pa\/index.php?rest_route=\/wp\/v2\/pages"}],"about":[{"href":"https:\/\/www.bandarepublicana.gob.pa\/index.php?rest_route=\/wp\/v2\/types\/page"}],"author":[{"embeddable":true,"href":"https:\/\/www.bandarepublicana.gob.pa\/index.php?rest_route=\/wp\/v2\/users\/1"}],"replies":[{"embeddable":true,"href":"https:\/\/www.bandarepublicana.gob.pa\/index.php?rest_route=%2Fwp%2Fv2%2Fcomments&post=515"}],"version-history":[{"count":5,"href":"https:\/\/www.bandarepublicana.gob.pa\/index.php?rest_route=\/wp\/v2\/pages\/515\/revisions"}],"predecessor-version":[{"id":1389,"href":"https:\/\/www.bandarepublicana.gob.pa\/index.php?rest_route=\/wp\/v2\/pages\/515\/revisions\/1389"}],"wp:attachment":[{"href":"https:\/\/www.bandarepublicana.gob.pa\/index.php?rest_route=%2Fwp%2Fv2%2Fmedia&parent=515"}],"curies":[{"name":"wp","href":"https:\/\/api.w.org\/{rel}","templated":true}]}}