{"id":513,"date":"2020-11-13T01:13:28","date_gmt":"2020-11-13T01:13:28","guid":{"rendered":"https:\/\/www.mingob.gob.pa\/bandarepublicana\/?page_id=513"},"modified":"2023-03-22T14:33:29","modified_gmt":"2023-03-22T14:33:29","slug":"origenes-y-antecedentes","status":"publish","type":"page","link":"https:\/\/www.bandarepublicana.gob.pa\/?page_id=513","title":{"rendered":"Or\u00edgenes y Antecedentes"},"content":{"rendered":"<section class=\"av_textblock_section \"  itemscope=\"itemscope\" itemtype=\"https:\/\/schema.org\/CreativeWork\" ><div class='avia_textblock  '   itemprop=\"text\" ><p style=\"text-align: justify;\">Esta entidad musical istme\u00f1a, se fund\u00f3 mediante decreto No. 84 del 1\u00ba de noviembre de 1867, con el nombre de Banda de M\u00fasica de la Guardia del Estado Soberano, cuando a\u00fan Panam\u00e1 estaba unida a Colombia.<\/p>\n<p style=\"text-align: justify;\">Dicha agrupaci\u00f3n, tuvo varios nombres desde entonces, por su condici\u00f3n de Banda de porte militar al servicio de diferentes mandos y batallones, en los cuales podemos citar: Banda de M\u00fasica del Estado Soberano, Banda del Estado Mayor, Banda de la Columna, Banda del Batall\u00f3n, Banda Militar, Banda Departamental y Banda de la Fuerza P\u00fablica, entre otros.\u00a0 Adem\u00e1s, se vio sometida en gran parte, por las consecuencias derivadas de la inestabilidad en que vivi\u00f3 Panam\u00e1 desde sus inicios hasta 1903.<\/p>\n<p style=\"text-align: justify;\">El Director fundador de la Banda fue el Maestro Jean Marie Victor Dubarry, de origen Franc\u00e9s.<\/p>\n<p style=\"text-align: justify;\">La agrupaci\u00f3n musical, toma el nombre de Banda Republicana a partir del mes de noviembre del a\u00f1o 1903, cuando Panam\u00e1 se separa de Colombia, bajo la direcci\u00f3n del Maestro Santos Jorge Amatriaim, de origen espa\u00f1ol (autor de nuestro himno nacional).<\/p>\n<p style=\"text-align: justify;\">En la actualidad la Banda Republicana (Protocolo y Ceremonial de Estado), est\u00e1 conformada por 53 m\u00fasicos profesionales, un bibliotecario, una secretaria, un trabajador manual y un ayudante general.\u00a0\u00a0 Bajo la responsabilidad del Profesor Dimas Rodr\u00edguez, como director musical y el Profesor Jorge Oliva como subdirector.<\/p>\n<p style=\"text-align: justify;\">Todos los miembros son servidores p\u00fablicos, que pertenecen al Ministerio de Gobierno y brindan sus servicios al Estado Soberano Paname\u00f1o y a la Comunidad en general.<\/p>\n<\/div><\/section>\n","protected":false},"excerpt":{"rendered":"","protected":false},"author":1,"featured_media":0,"parent":0,"menu_order":0,"comment_status":"closed","ping_status":"closed","template":"","meta":{"footnotes":""},"class_list":["post-513","page","type-page","status-publish","hentry"],"_links":{"self":[{"href":"https:\/\/www.bandarepublicana.gob.pa\/index.php?rest_route=\/wp\/v2\/pages\/513","targetHints":{"allow":["GET"]}}],"collection":[{"href":"https:\/\/www.bandarepublicana.gob.pa\/index.php?rest_route=\/wp\/v2\/pages"}],"about":[{"href":"https:\/\/www.bandarepublicana.gob.pa\/index.php?rest_route=\/wp\/v2\/types\/page"}],"author":[{"embeddable":true,"href":"https:\/\/www.bandarepublicana.gob.pa\/index.php?rest_route=\/wp\/v2\/users\/1"}],"replies":[{"embeddable":true,"href":"https:\/\/www.bandarepublicana.gob.pa\/index.php?rest_route=%2Fwp%2Fv2%2Fcomments&post=513"}],"version-history":[{"count":6,"href":"https:\/\/www.bandarepublicana.gob.pa\/index.php?rest_route=\/wp\/v2\/pages\/513\/revisions"}],"predecessor-version":[{"id":1309,"href":"https:\/\/www.bandarepublicana.gob.pa\/index.php?rest_route=\/wp\/v2\/pages\/513\/revisions\/1309"}],"wp:attachment":[{"href":"https:\/\/www.bandarepublicana.gob.pa\/index.php?rest_route=%2Fwp%2Fv2%2Fmedia&parent=513"}],"curies":[{"name":"wp","href":"https:\/\/api.w.org\/{rel}","templated":true}]}}